{"id":446,"date":"2020-10-27T23:48:30","date_gmt":"2020-10-27T22:48:30","guid":{"rendered":"http:\/\/uaffugs.cluster028.hosting.ovh.net\/?page_id=446"},"modified":"2020-10-28T00:49:55","modified_gmt":"2020-10-27T23:49:55","slug":"revue-de-presse","status":"publish","type":"page","link":"http:\/\/www.royalemoncrabeau.be\/index.php\/revue-de-presse\/","title":{"rendered":"Revue de presse"},"content":{"rendered":"\n<h4 class=\"wp-block-heading\">On parle de nous&#8230;<\/h4>\n\n\n\n<h4 class=\"wp-block-heading\">STOEMP, PEKET ET DES RAWETTES (SPECIAL FETES DE WALLONIE)<\/h4>\n\n\n\n<figure class=\"wp-block-image size-large\"><img decoding=\"async\" src=\"data:image\/png;base64,iVBORw0KGgoAAAANSUhEUgAAAMgAAAA4CAMAAACPFEe1AAAC91BMVEVMaXEAAAAAAAAAAAAAAAAAAAAAAAAAAAAAAAAAAAAAAAAAAAAAAAAAAAAAAAAAAAAAAAAAAAAAAAAAAAAAAAAAAAAAAAAAAAAAAAAAAAAAAAAAAAAAAAAAAAAAAAAAAAAAAAAAAAAAAAAAAAAAAAAAAAAAAAAAAAAAAAAAAAAAAAAAAAAAAAAAAAAAAAAAAAAAAAAAAAAAAAAAAAAAAAAAAAAAAAAAAAAAAAAAAAAAAAAAAAAAAAAAAAAAAAAAAAAAAAAAAAAAAAAAAAAAAAAAAAAAAAAAAAAAAAAAAAAAAAAAAAAAAAAAAAAAAAAAAAAAAAAAAAAAAAAAAAAAAAAAAAAAAAAAAAAAAAAAAAAAAAAAAAAAAAAAAAAAAAAAAAAAAAAAAAAAAAAAAAAAAAAAAAAAAAAAAAAAAAAAAAAAAAAAAAAAAAAAAAAAAAAAAAAAAAAAAAAAAAAAAAAAAAAAAAAAAAAAAAAAAAAAAAAAAAAAAAAAAAAAAAAAAAAAAAAAAAAAAAAAAAAAAAAAAAAAAAAAAAAAAAAAAAAAAAAAAAAAAAAAAAAAAAAAAAAAAAAAAAAAAAAAAAAAAAAAAAAAAAAAAAAAAAAAAAAAAAAAAAAAAAAAAAAAAAAAAAAAAAAAAAAAAAAAAAAAAAAAAAAAAAAAAAAAAAAAAAAAAAAAAAAAAAAAAAAAAAAAAAAAAAAAAAAAAAAAAAAAAAAAAAAAAAAAAAAAAAAAAAAAAAAAAAAAAAAAAAAAAAAAAAAAAAAAAAAAAAAAAAAAAAAAAAAAAAAAAAAAAAAAAAAAAAAAAAAAAAAAAAAAAAAAAAAAAAAAAAAAAAAAAAAAAAAAAAAAAAAAAAAAAAAAAAAAAAAAAAAAAAAAAAAAAAAAAAAAAAAAAAAAAAAAAAAAAAAAAAAAAAAAAAAAAAAAAAAAAAAAAAAAAAAAAAAAAAAAAAAAAAAAAAAAAAAAAAAAAAAAAAAAAAAAAAAAAAAAAAAAAAAAAAAAAAAAAABw2gfCAAAA\/HRSTlMAEobB\/RO+\/voUP\/sBCDq9EQW6PPLLAgPfjKH519YWoOy15QcPgfcJwvTzNmX86w0GnzU50wRDPvjtXFXn5MrmXmjDSvU7Yxe77+JQKvZaIcDwc92I8Wyr2emzMaToZHHMVFIeR7iKvxUKybZYC2nOWVEMtC0skWYwW2CirdLViYOypbC8K4c4gN4Qa4uNDu4YxS5tyHI3T+qxRRtEjuNWgng0SyBAZy\/N4X+vKBme29zgM9pGXaMyhLma1HastyZhe5wpJXxfkE6od9h9H6lMIhw9nXqVlq6TmIVJJBpIU35qdFcnmx3HcKqUQdBCI3WXppl5YsTRb26nTY+1TXVWAAAIPklEQVRo3tWaZ1gTSRjHJ7KQxCRoFAkShUhiCDEhMYEEFEHpRZTeqyhwFAVF1LP33nsvZ2\/n2Xs7z3K9967Xe2\/74XZ2Q9gNye7muciZ\/8OHZfLO7P52yjvvOwuAOyjY+Meb9ZcK40NKp\/d748+EcOCWkpjemRGaolbyEC5Xy1OqUwpPvd1V6HYY4qwMPx\/URrnZHmPHuxfH\/iNBqF2lbk70dRMGbPSsueOHOtShnAFuwiGKK0Jp1e+0W5A8dmY6yqCn4uRusFjlBaFcJhLe4GAn+lgs0jMa6YPFLl4Ry2NQNvqIvVNJSry4dgmDjefuqb\/WupRj7FOsOFD1S2xbHD4NiVCOC6B738K9T8ZLucdvuZDjuz4oS4WZWDa5LAKzjn+drgd1y+BgVpe7jsNzHMpacx6walI0BhpLp4npbqvCZ+XPrgOp5rEH4Z1nNTs5XrhxPR0I\/yAOEqh31YK1MIo9BxedHtdWj67R7t1wkH60IBU4yECxqzxICeqMuGdFsNbTI5Y2HGUEmUDXffxeLgURGkKcAkGfTMNqfQC3AbMHrOjuaSP+CiEJJDmAw++gWr64A4iOz\/fkULSC3OPhCk8H4nPaNoFJ7zjHgUaUYLXmSOFl38PPd6EqZ3tWi8QKgmT3z+ndQW8vH62gggi3rl1WvWBWf6t2nZ\/1ZYL1EX27m36YOXNBFzvKWT7LKCKs1hxyEgTNPglAqtbx9vK0FcShDisoILV19owOWoau5MApura0U\/Cdky6PUopwmUFkNwCIRBz+jMQyg+xoJoEIG5fan40zvsdB3h+C0L\/YJGh17UVy1ZjrC4IYQRAVAKE0bZe+IGQCQdeSQTg5Dqwuc6C7eZfpgUzQ7RrJ3SbIW+J7kdmpxMwHhTQgfjrGHuFq2kH8xaIyR5HDcMzs5Vim5zHAHtlJLpEuFIKPVzKCpAyl6xHeIuahdaGYBCICtzIcbIg2wIXej+FxigJgxuRTCsgeCdilTR93qS+msDBL9C7bJMMVuglB8b2+eiZIIUAi1iV7UBS7+sLhV6wg3ND6ZK8O8sj4aYucBBIMfM0XvTzaDa7GyoiYIjsBM5tfiN8qs9cYlUcHqVZ73DTCkVX1NQVkgAT0rtj1YfMoTBs3jk2G3btbU6aZpMH+yhLL\/8qFd1C+BXzwG0W+NnqAuStZ32xrITlEwepzBqO3rcw9FWQ\/4g+XT53R3G5Q\/OpMYqb69cR+mijDr\/NHF3ftqH0mMxErTJ7bAeQ8x+qH7u5AV7eQvecHZ9Ph4Im2gCRzGDx7EWD27P4iO1u13iQQYqw\/Tu\/XE1S2IDmfGSTjdeN1KzB3dO1eyiDc+\/tCQUfnDWee4IQFZOp\/22s5BhEOawdpycSbYgAxHbQFWR5\/JS1x0qRP8iaKwd6BUdh0SzKY9+3DenFbSzhIyofr7yYLyPHOADngwwZkdJgtyA2Z5Z97tzCQmD0AfJ1OTD3uF3zAuQcvfCwggZ0Bci4eX1ZuOwvyTBvI5qfByMAYbI3uF7V7y6jBlTtvm+RgVX6ngxiU8FI51FKpIW+YRqPZn9dATX6aLMHhyt9jbEGKhoOR\/kGTAbhTyZHIMYn0QmKOWIdWp4Bs4JFATLFDooKgolIrDOQaPYnJXvTeSEOrDcgEHATzXDfvtscuc6D\/0GY\/bBAwqR1kocAKIqyKJo2fK9dIFYo346m3LXAszkOlBgno3xaeJE+09MhXFSXb\/2ltbb2zfWAPNf58vR46SFk7iDfXCqK\/S5kI5JTOC2\/CormrALbPu4F79o8u9InGVFGwayvYGwhBvkz1CdoxBKqwFHfoys0PHSSxHaQnagURPU7ZnDeT49xn8VEEQTiLUKlRAjy33X8C099ND8RYj5Rim4TPr1\/+dH15efn6rGFnPoPxvXp7Z\/YIARJ\/Bk8vhJJDVSO5RhMsCnoPVqhBeYOoGYU1V33WUm\/w+Wy47Ul0JcjUYDY9op6Cly+P0WoFUFpBbpYnuYb3Ymj2W1xtQgm2HOW\/r5eLgqFEIrlerylE121txNYri+S+8+sx66hitiBXWYCU6Oz8prEFCRlkyYnOq1NleGSo6lRN1Bdw9C0iXsyMIJaq22kNI6B2VqbFLUvFfEbB0uZRlYNxVaadDkzBitYBliBIGAuQ2S93\/EnxsSMQYrcEZZOgUaynRjwISVz7RZH9mUE4RDzCO1vVyE8KoChpa3dKXiuipMp3CSWBIlZcjnQE4liTS51NPvh5s+0RbI4WzOhjq+cK6k\/iINHEmwopCOtL0aW+ljl9IsEJkGOBTnII8gEzCJH7dXz6tQcG414IU8p8gxMgEjPPOZDFTVitEGLldNysP30jWXBU32QCmQBj9ldZggDFEedAXmzEKskQ+m08WEqfjemCRTvy+0y3yoKhpBG\/9JnCCBLeVeYMx3OVsNIYCJL7vONWR06lHZ5j8UnCkDP6FnYImDgEXvf5kEX690cBew5tbzyvt3EGF0WmnaQ5JTbPjlQKBDw7EiDp\/vOJYy1VaLrVRkBVhKxgC75411ZjGzzpgldYpLGrprMHObKGqBRXExR4gPa8WzF0WrduPeyopq7LsTar63PmeSUTxd1IiZaajJq5z7Y5SnlrqU\/1KlYZ+bQTrJfeuP\/jzFnE+ixoN8uzHmTEo37OvmglK5Cyxx51kPBfMllw7Fc8+p8+jP\/Ej+nTh8wpOnf4qKaxQUXP8cVGt\/jSSQiE5tciHWNEvrENuI30r49JsY8ROm+9AriTAqrX7ZDaUihTxy06BtxNiqa5qZG56VIBwuUiAml6rizmq53BwC0VkPbulejFMrU6dHFd\/qxmTzsm\/wIAASM41cvVQwAAAABJRU5ErkJggg==\" alt=\"\"\/><\/figure>\n\n\n\n<p>A Namur, Thierry et C\u00e9dric Wautier vous pr\u00e9sentent la Royale Moncrabeau et les 40 molons, ces satan\u00e9s chanteurs-menteurs !<\/p>\n\n\n\n<p><a rel=\"noreferrer noopener\" href=\"https:\/\/www.rtbf.be\/tv\/guide-tv\/detail_stoemp-peket-et-des-rawettes?uid=2348399005668&amp;idschedule=1d5d31777f7d3f0de6e26847134de6db&amp;utm_source=tv&amp;utm_campaign=social_share&amp;utm_medium=fb_share&amp;fbclid=IwAR1XnaqKcRKiQhvkWLsJz1tz7QaJ9LXlhbwwCvKoBT8zVoGdd4TsFqnhJsc\" target=\"_blank\">Stoem, P\u00e8k\u00e8t et des rawettes : reportage sur les Molons \u00e0 voir sur Auvio<\/a><\/p>\n\n\n\n<hr class=\"wp-block-separator\"\/>\n\n\n\n<h4 class=\"wp-block-heading\">CONCOURS DES MENTEURS DE LA ROYALE MONCRABEAU &#8211; NAMUR<\/h4>\n\n\n\n<div class=\"wp-block-image\"><figure class=\"alignleft size-large is-resized\"><img loading=\"lazy\" decoding=\"async\" src=\"data:image\/png;base64,iVBORw0KGgoAAAANSUhEUgAAARMAAAC3CAMAAAAGjUrGAAAAeFBMVEX\/\/\/8Yd\/IAbvHM2\/sAcfIAbPEAavEAcvKowvmWt\/cRdfK2zPkAafHD1fp6pPaSs\/fe5vzs8v6Irvfy9f40f\/NLivNDhvOgvPgpe\/LY4fzp7v2qwvjG1vprm\/VhlvRQjvS2yvl8qfbb5PwAYvEygvNxo\/aKsffP3vtHmq69AAAFtUlEQVR4nO2d23raOhBGsSpbROAAJgGHNBBod\/P+b7hDKC0ptke\/rVgaM+smF0n1Was6jsfSaCQIgiAIgiAIgiAIgiAIgiAIgiAIgiAIgiAIwpCY5+v9dlWaaZZlU1Outvt1Pg\/9UOFYToqVTpU21iY2OfL+0xqtUr0qJsvQj9c\/h9lDpsxJxTXWqOxhdgj9kH2ymZWprvPxx4tOy9km9KP2xOQx1YSPMzp9nIR+3B4YW0W1kE+tRdlx6Ef+YtbGtYlcNBazDv3YX8irJUeRyrai7WvoR\/8i5qu0hZAT6WqQi5Yia9NG\/rSVrAhdAe8cSnwg+YwuB7ZeWXdqJOemMqixdtt+JLkk3YauiDc2pfGiJElMuQhdGT88QYu0Zqx6Cl0dH+SZNyNHsjx0hboz8avkXQr7HdBk6llJkkyZS\/HccU7w7j5vX6HkXcpb6Iq1Z6O+REmSKL6xprLlJGw\/SOr\/tS1DV60tuxZLNaPStHzcvbMqdZb+DmFf\/9kudOXaMUN7jjVpWeSX3WJzyMf7XVWDUbNg9erAEzq+al1UB0m+VcnNOC5o0UaS3dWVlFc3uD4r44d7LF6iHut3d9VO9H2PtfHCE7Z+TfcNZdW0kym33vMATcPN0aIaJ\/ahr8r4YQzNOepXY2E1ThLF680P9M7CEOGzOidW91MZP\/xCBliyanVOEt3cvqJiCS1NUmrvX+skyfhkZMygZvKTKq7eieazmoVGE0WGiOqd8BlRnqFmYsjy6p0k+rmH+vgAWpuYptXaiQYnXNYob9ALLvWdLLByD\/iblEfI7R4Km2Q1pSzz8V1x4qWh3Rkeux4sD6l61plvU6W1OdFUnlU9164V36Flvfmvqozx1LmtOfS98GBdR1dFTV6BTTWLzoPFpfXrdQnYMtj2XkOYOZZWoSreX0G7pSSNP6trDMbXvl0XUUIl6PgjBi\/YC4wKJwssuG1eAtQSo+ptDObkgPU+G\/2Ago2PlU7ewPdC0QcMmtbhjk48FBEX4BDrw0n0g2wBviP24MTEnk28BVMJPDixsWeIYu91\/DiJPYYCTsVenMQ+GaNZ9R6cJJEHZZdofXw4UXEvUMB1uR8nWdwJ5wt6XW70JdMKJ1P9GarElLsTc\/88vuQ6g3Ez\/gdKCnsn9CsuuMzYnZDjCe6EDPBGPp7Q8w7uhOw7kc879PoEd7KntlCRr0\/odSzuZEcUGf06ltzv4E6oLIXo9zvkvhh2sqSmnej3xWT8BHZChmejj5\/QkwTqZEJNZdHH2cjNCuzkjrQcezyWjNvDTpoyLT6IPm5PTsawE2omi34qpt8Dwk6orsPgPSA1yKJONtS0E\/0QS+cVoE7IHSCDvAIq\/wR1Qk7u8Q8nZJ6Sfbm7ZHb9vzyfXfx+Te12WOQpUY3dYrFHcq\/AIZ8Ny3vsGqNmkl0OJfl1dcKi64B51F2dMMmjht4Zd3QSfezkDPJdRkcnbL7LQL7f6eaEyQh7BPjOq5sTRt95AYl+3ZzEHyb4i3smdCcnnL4bBUaULk4YjSZHnL9D7+KE2XfozmuUDk7YrE3OuJ5r0cEJu3MtXM8\/ae+E3\/knrufkdGgnAerUFbfzlFo7YXmektu5W22d8Dx3y+18tpZOuJ7P5nSOXzsnfM\/xcznvsZ0Txuc9OpwL2soJ53NBHc6PbeOE9\/mx9DnDLZxwP2eYPI8ad8L\/PGqq+8BOuHecE43n24NOBnK+\/Wi0aLgHAXMymHsQRk33ZUBOBnRfxqjhXhXAycDuVam\/f8fdyeDu3xnV3dPk6mSI9zSNau7zcnQy0Pu8RpX3vrk4GfC9b0eu7gd0cDLs+wGP\/HOPJOXkBu6RPPLpvtFmJzdy3+iR+d97aeudfNxLO9SRtZLz\/cXVTm7w\/uITy7xYmR8VTn6YVZEzyqLwzfx6U7e4qQ4jCIIgCIIgCIIgCIIgCIIgCIIgCIIgCIIgCDfA\/8fiSq4vluhsAAAAAElFTkSuQmCC\" alt=\"\" width=\"117\" height=\"78\"\/><\/figure><\/div>\n\n\n\n<p><a href=\"https:\/\/www.facebook.com\/DUBUISSON.HAWAK\/posts\/1634192236748735\" target=\"_blank\" rel=\"noreferrer noopener\">https:\/\/www.facebook.com\/DUBUISSON.HAWAK\/posts\/1634192236748735<\/a><\/p>\n\n\n\n<hr class=\"wp-block-separator\"\/>\n\n\n\n<h4 class=\"wp-block-heading\">FETES DE WALLONIE : UN CONCOURS DE MENTERIES CONFINE<\/h4>\n\n\n\n<div class=\"wp-block-image\"><figure class=\"alignleft size-large is-resized\"><img loading=\"lazy\" decoding=\"async\" src=\"http:\/\/uaffugs.cluster028.hosting.ovh.net\/wp-content\/uploads\/2020\/10\/CanalC-1024x203.png\" alt=\"\" class=\"wp-image-456\" width=\"264\" height=\"51\" srcset=\"http:\/\/www.royalemoncrabeau.be\/wp-content\/uploads\/2020\/10\/CanalC-1024x203.png 1024w, http:\/\/www.royalemoncrabeau.be\/wp-content\/uploads\/2020\/10\/CanalC-300x59.png 300w, http:\/\/www.royalemoncrabeau.be\/wp-content\/uploads\/2020\/10\/CanalC-768x152.png 768w, http:\/\/www.royalemoncrabeau.be\/wp-content\/uploads\/2020\/10\/CanalC-1536x304.png 1536w, http:\/\/www.royalemoncrabeau.be\/wp-content\/uploads\/2020\/10\/CanalC-2048x405.png 2048w, http:\/\/www.royalemoncrabeau.be\/wp-content\/uploads\/2020\/10\/CanalC-150x30.png 150w, http:\/\/www.royalemoncrabeau.be\/wp-content\/uploads\/2020\/10\/CanalC-24x5.png 24w, http:\/\/www.royalemoncrabeau.be\/wp-content\/uploads\/2020\/10\/CanalC-36x7.png 36w, http:\/\/www.royalemoncrabeau.be\/wp-content\/uploads\/2020\/10\/CanalC-48x9.png 48w\" sizes=\"auto, (max-width: 264px) 100vw, 264px\" \/><\/figure><\/div>\n\n\n\n<p><a rel=\"noreferrer noopener\" href=\"https:\/\/www.canalc.be\/fetes-de-wallonie-un-concours-de-menteries-confine\/?fbclid=IwAR3ThknUyePlNNXj2yFWTPSnDAT3GTlLw9aTwckp_GKJsOhpnhYUjrcHX2I\" target=\"_blank\">L&rsquo; \u00e9dition 2020 du concours s&rsquo;est d\u00e9roul\u00e9e en milieu ferm\u00e9 et Canal C a film\u00e9 les candidats<\/a><\/p>\n\n\n\n<p>28 AO\u00dbT 2020<\/p>\n\n\n\n<hr class=\"wp-block-separator\"\/>\n\n\n\n<h4 class=\"wp-block-heading\">LES MOLONS ONT LE VACCIN : LA \u00ab\u00a0MINTE\u00a0\u00bb<\/h4>\n\n\n\n<div class=\"wp-block-image\"><figure class=\"alignleft size-large is-resized\"><img loading=\"lazy\" decoding=\"async\" src=\"https:\/\/markup.lavenir.net\/extra\/assets\/img\/ave_logo_large.svg\" alt=\"\" width=\"290\" height=\"73\"\/><\/figure><\/div>\n\n\n\n<p><a href=\"https:\/\/www.lavenir.net\/cnt\/dmf20200827_01502553\/les-molons-ont-le-vaccin-la-minte?fbclid=IwAR0_9VoHGJDcglpZHlCTw-1YURWzU3bC1eidJZ4bOuMkKtGupkPnfPR5-0s\" target=\"_blank\" rel=\"noreferrer noopener\"><strong>Une efficace \u00abmenterie\u00bb contre le coronavirus: c\u2019est la th\u00e9rapie des Molons.<\/strong><\/a><\/p>\n\n\n\n<p>28-08-2020 \u00e0 06:00 &#8211; Samuel HUSQUIN &#8211; L&rsquo;Avenir<\/p>\n\n\n\n<hr class=\"wp-block-separator\"\/>\n\n\n\n<h4 class=\"wp-block-heading\">AUX ARCHIVES REGIONALES, LES MOLONS RESTERONT BIEN CONSERVES<\/h4>\n\n\n\n<div class=\"wp-block-image\"><figure class=\"alignleft size-large is-resized\"><img loading=\"lazy\" decoding=\"async\" src=\"https:\/\/markup.lavenir.net\/extra\/assets\/img\/ave_logo_large.svg\" alt=\"\" width=\"290\" height=\"73\"\/><\/figure><\/div>\n\n\n\n<p><a rel=\"noreferrer noopener\" href=\"https:\/\/www.lavenir.net\/cnt\/dmf20200716_01491875\/aux-archives-regionales-les-molons-resteront-bien-conserves?fbclid=IwAR2x3Mh1hxuaFFwmNL7pP_VYTC4xJXTUNCpJTZbeb0j3co3xStLIKJ6FB1Y\" target=\"_blank\">PV de r\u00e9unions, tableaux, photos&#8230; Toute la m\u00e9moire des Molons, depuis 1843, est confi\u00e9e aux Archives r\u00e9gionales<\/a><\/p>\n\n\n\n<p>17-07-2020 \u00e0 06:00 &#8211; Samuel HUSQUIN &#8211; L&rsquo;Avenir<\/p>\n\n\n\n<hr class=\"wp-block-separator\"\/>\n\n\n\n<h4 class=\"wp-block-heading\">NAMUR : LE 41e MOLON EST UN PLAYMOBIL ET MESURE 7,2 CM<\/h4>\n\n\n\n<div class=\"wp-block-image\"><figure class=\"alignleft size-large is-resized\"><img loading=\"lazy\" decoding=\"async\" src=\"https:\/\/markup.lavenir.net\/extra\/assets\/img\/ave_logo_large.svg\" alt=\"\" width=\"290\" height=\"73\"\/><\/figure><\/div>\n\n\n\n<p><a rel=\"noreferrer noopener\" href=\"https:\/\/www.lavenir.net\/cnt\/dmf20200625_01486163\/photos-namur-le-41e-molon-est-un-playmobil-et-mesure-7-2-centimetres?fbclid=IwAR1LGPVrtdy0KARcXBlWP3d9VljxiZfpXrGEeoKqTd8gHjZPBSCo23rRxLk\" target=\"_blank\">Le vedrinois Claude Dellisse a mis le confinement \u00e0 profit pour donner au playmobil les habits du Molon.<\/a><\/p>\n\n\n\n<p>26-06-2020 \u00e0 00:00 &#8211; Samuel HUSQUIN &#8211; L&rsquo;Avenir<\/p>\n\n\n\n<hr class=\"wp-block-separator\"\/>\n\n\n\n<h4 class=\"wp-block-heading\">PATRIMOINE CULTUREL EN PROVINCE DE NAMUR<\/h4>\n\n\n\n<div class=\"wp-block-image\"><figure class=\"alignleft size-large\"><img decoding=\"async\" src=\"https:\/\/scontent.fcrl2-1.fna.fbcdn.net\/v\/t1.0-1\/p100x100\/1505495_651626391550254_1956118693_n.jpg?_nc_cat=100&amp;ccb=2&amp;_nc_sid=1eb0c7&amp;_nc_ohc=GrVGSrOr61cAX8XBej2&amp;_nc_ht=scontent.fcrl2-1.fna&amp;tp=6&amp;oh=f4d9f56cddf16efaab8f113fbca31ddd&amp;oe=5FBD703A\" alt=\"\"\/><\/figure><\/div>\n\n\n\n<p>LE carnet p\u00e9dagogique consacr\u00e9 aux 40 Molons, ce c\u00e9l\u00e8bre groupe folklorique namurois <a href=\"https:\/\/bit.ly\/2Y1O4n3\">\u00e0 t\u00e9l\u00e9charger gratuitement<\/a>.<\/p>\n\n\n\n<p><a href=\"https:\/\/www.facebook.com\/patrimoinepnamur\/posts\/3016573011722235\" target=\"_blank\" rel=\"noreferrer noopener\">https:\/\/www.facebook.com\/patrimoinepnamur\/posts\/3016573011722235<\/a><\/p>\n\n\n\n<figure class=\"wp-block-image size-large is-resized\"><img loading=\"lazy\" decoding=\"async\" src=\"https:\/\/scontent.fcrl2-1.fna.fbcdn.net\/v\/t1.0-0\/s600x600\/94689475_3016558825056987_7648289383451197440_n.jpg?_nc_cat=109&amp;ccb=2&amp;_nc_sid=730e14&amp;_nc_ohc=iAfCgY6tBQoAX-fIAeB&amp;_nc_ht=scontent.fcrl2-1.fna&amp;tp=7&amp;oh=553b9c5e19955409313afa93a7a02320&amp;oe=5FBC63D6\" alt=\"\" width=\"483\" height=\"405\"\/><\/figure>\n\n\n\n<hr class=\"wp-block-separator\"\/>\n\n\n\n<h4 class=\"wp-block-heading\">LES 40 MOLONS TOUJOURS EN ACTION<\/h4>\n\n\n\n<p>Si vous \u00eates namurois, forc\u00e9ment vous les connaissez!<\/p>\n\n\n\n<p>Si pas, et bien ce sont des personnages hauts en couleur avec chapeau, grosse collerette blanche et costume folklorique. Ils agitent leur CHIRLIKE -c\u2019est leur tirelire- pour <strong>collecter des fonds pour les plus pauvres dans les rues de Namur<\/strong>.<\/p>\n\n\n\n<div class=\"wp-block-image\"><figure class=\"alignleft size-large\"><img loading=\"lazy\" decoding=\"async\" width=\"139\" height=\"59\" src=\"http:\/\/uaffugs.cluster028.hosting.ovh.net\/wp-content\/uploads\/2020\/10\/vivacite.jpg\" alt=\"\" class=\"wp-image-471\" srcset=\"http:\/\/www.royalemoncrabeau.be\/wp-content\/uploads\/2020\/10\/vivacite.jpg 139w, http:\/\/www.royalemoncrabeau.be\/wp-content\/uploads\/2020\/10\/vivacite-24x10.jpg 24w, http:\/\/www.royalemoncrabeau.be\/wp-content\/uploads\/2020\/10\/vivacite-36x15.jpg 36w, http:\/\/www.royalemoncrabeau.be\/wp-content\/uploads\/2020\/10\/vivacite-48x20.jpg 48w\" sizes=\"auto, (max-width: 139px) 100vw, 139px\" \/><\/figure><\/div>\n\n\n\n<p>Laurent CHEPPE Publi\u00e9 le mardi 28 avril 2020 \u00e0 09h54<\/p>\n\n\n\n<p><a rel=\"noreferrer noopener\" href=\"https:\/\/www.rtbf.be\/vivacite\/emissions\/detail_namur-matin\/accueil\/article_les-40-molons-toujours-en-action?id=10490981&amp;programId=5533&amp;fbclid=IwAR38lbQuVZS1q5M_jlZvnFCNS7zzHIfb5KKFGIfbBOXrAGUjV_9fT6r-13o\" target=\"_blank\">Reportage Audio \u00e0 \u00e9couter sur Vivacit\u00e9<\/a><\/p>\n\n\n\n<hr class=\"wp-block-separator\"\/>\n\n\n\n<h4 class=\"wp-block-heading\">LES MOLONS EN TOURNEE DANS LES MAISONS DE REPOS<\/h4>\n\n\n\n<div class=\"wp-block-image\"><figure class=\"alignleft size-large is-resized\"><img loading=\"lazy\" decoding=\"async\" src=\"http:\/\/uaffugs.cluster028.hosting.ovh.net\/wp-content\/uploads\/2020\/10\/CanalC-1024x203.png\" alt=\"\" class=\"wp-image-456\" width=\"264\" height=\"51\" srcset=\"http:\/\/www.royalemoncrabeau.be\/wp-content\/uploads\/2020\/10\/CanalC-1024x203.png 1024w, http:\/\/www.royalemoncrabeau.be\/wp-content\/uploads\/2020\/10\/CanalC-300x59.png 300w, http:\/\/www.royalemoncrabeau.be\/wp-content\/uploads\/2020\/10\/CanalC-768x152.png 768w, http:\/\/www.royalemoncrabeau.be\/wp-content\/uploads\/2020\/10\/CanalC-1536x304.png 1536w, http:\/\/www.royalemoncrabeau.be\/wp-content\/uploads\/2020\/10\/CanalC-2048x405.png 2048w, http:\/\/www.royalemoncrabeau.be\/wp-content\/uploads\/2020\/10\/CanalC-150x30.png 150w, http:\/\/www.royalemoncrabeau.be\/wp-content\/uploads\/2020\/10\/CanalC-24x5.png 24w, http:\/\/www.royalemoncrabeau.be\/wp-content\/uploads\/2020\/10\/CanalC-36x7.png 36w, http:\/\/www.royalemoncrabeau.be\/wp-content\/uploads\/2020\/10\/CanalC-48x9.png 48w\" sizes=\"auto, (max-width: 264px) 100vw, 264px\" \/><\/figure><\/div>\n\n\n\n<p><a rel=\"noreferrer noopener\" href=\"https:\/\/www.canalc.be\/les-molons-en-tournee-dans-les-maisons-de-repos\/?fbclid=IwAR3c9Ew4lz_AwX_QoPUTD_S07xnpkbcd1QPH2Ot06qdZzY6VQ_DM-iqZ-fY\" target=\"_blank\">Les Molons ont d\u00e9cid\u00e9 d\u2019entamer une tourn\u00e9e des maisons de repos du Namurois<\/a><\/p>\n\n\n\n<p>23 avril 2020<\/p>\n\n\n\n<hr class=\"wp-block-separator\"\/>\n\n\n\n<h4 class=\"wp-block-heading\">UN \u00ab\u00a0BIA BOUQUET\u00a0\u00bb LANCE AU BALCON A DHUY<\/h4>\n\n\n\n<div class=\"wp-block-image\"><figure class=\"alignleft size-large is-resized\"><img loading=\"lazy\" decoding=\"async\" src=\"https:\/\/markup.lavenir.net\/extra\/assets\/img\/ave_logo_large.svg\" alt=\"\" width=\"290\" height=\"73\"\/><\/figure><\/div>\n\n\n\n<p><strong><a href=\"https:\/\/www.lavenir.net\/cnt\/dmf20200422_01469040\/un-bia-bouquet-lance-au-balcon-a-dhuy?fbclid=IwAR07wTG7LX5ixo99gk5WQSlNX4x86kMctC3OqKkhcudQXkHN7F-cHDfxT2Y\" target=\"_blank\" rel=\"noreferrer noopener\">Les Molons viennent chanter sous les balcons des maisons de repos.<\/a><\/strong><\/p>\n\n\n\n<p>22-04-2020 \u00e0 19:45 &#8211; L&rsquo;Avenir<\/p>\n\n\n\n<hr class=\"wp-block-separator\"\/>\n\n\n\n<p><\/p>\n","protected":false},"excerpt":{"rendered":"<p>On parle de nous&#8230; STOEMP, PEKET ET DES RAWETTES (SPECIAL FETES DE WALLONIE) A Namur, Thierry et C\u00e9dric Wautier vous pr\u00e9sentent la Royale Moncrabeau et les 40 molons, ces satan\u00e9s chanteurs-menteurs ! Stoem, P\u00e8k\u00e8t et des rawettes : reportage sur les Molons \u00e0 voir sur Auvio CONCOURS DES MENTEURS DE&#8230;<\/p>\n<p class=\"continue-reading-button\"> <a class=\"continue-reading-link\" href=\"http:\/\/www.royalemoncrabeau.be\/index.php\/revue-de-presse\/\">Continue reading<i class=\"crycon-right-dir\"><\/i><\/a><\/p>\n","protected":false},"author":1,"featured_media":0,"parent":0,"menu_order":0,"comment_status":"closed","ping_status":"closed","template":"","meta":{"footnotes":""},"class_list":["post-446","page","type-page","status-publish","hentry"],"_links":{"self":[{"href":"http:\/\/www.royalemoncrabeau.be\/index.php\/wp-json\/wp\/v2\/pages\/446","targetHints":{"allow":["GET"]}}],"collection":[{"href":"http:\/\/www.royalemoncrabeau.be\/index.php\/wp-json\/wp\/v2\/pages"}],"about":[{"href":"http:\/\/www.royalemoncrabeau.be\/index.php\/wp-json\/wp\/v2\/types\/page"}],"author":[{"embeddable":true,"href":"http:\/\/www.royalemoncrabeau.be\/index.php\/wp-json\/wp\/v2\/users\/1"}],"replies":[{"embeddable":true,"href":"http:\/\/www.royalemoncrabeau.be\/index.php\/wp-json\/wp\/v2\/comments?post=446"}],"version-history":[{"count":22,"href":"http:\/\/www.royalemoncrabeau.be\/index.php\/wp-json\/wp\/v2\/pages\/446\/revisions"}],"predecessor-version":[{"id":474,"href":"http:\/\/www.royalemoncrabeau.be\/index.php\/wp-json\/wp\/v2\/pages\/446\/revisions\/474"}],"wp:attachment":[{"href":"http:\/\/www.royalemoncrabeau.be\/index.php\/wp-json\/wp\/v2\/media?parent=446"}],"curies":[{"name":"wp","href":"https:\/\/api.w.org\/{rel}","templated":true}]}}