{"id":277,"date":"2020-10-27T13:55:46","date_gmt":"2020-10-27T12:55:46","guid":{"rendered":"http:\/\/uaffugs.cluster028.hosting.ovh.net\/?page_id=277"},"modified":"2020-11-09T15:57:27","modified_gmt":"2020-11-09T14:57:27","slug":"nicolas-bosret","status":"publish","type":"page","link":"http:\/\/www.royalemoncrabeau.be\/index.php\/nicolas-bosret\/","title":{"rendered":"Nicolas Bosret"},"content":{"rendered":"\n<p>Nicolas-Joseph BOSRET est n\u00e9 \u00e0 Namur le 15 vent\u00f4se an VII. Pour faire plus simple, nous retiendrons le 05 mars 1799.<\/p>\n\n\n\n<div class=\"wp-block-image\"><figure class=\"alignleft size-large is-resized\"><img loading=\"lazy\" decoding=\"async\" src=\"http:\/\/uaffugs.cluster028.hosting.ovh.net\/wp-content\/uploads\/2020\/08\/IMG_3745-683x1024.jpg\" alt=\"\" class=\"wp-image-38\" width=\"264\" height=\"396\" srcset=\"http:\/\/www.royalemoncrabeau.be\/wp-content\/uploads\/2020\/08\/IMG_3745-683x1024.jpg 683w, http:\/\/www.royalemoncrabeau.be\/wp-content\/uploads\/2020\/08\/IMG_3745-200x300.jpg 200w, http:\/\/www.royalemoncrabeau.be\/wp-content\/uploads\/2020\/08\/IMG_3745-768x1152.jpg 768w, http:\/\/www.royalemoncrabeau.be\/wp-content\/uploads\/2020\/08\/IMG_3745-100x150.jpg 100w\" sizes=\"auto, (max-width: 264px) 100vw, 264px\" \/><\/figure><\/div>\n\n\n\n<p>A l\u2019\u00e2ge de sept ans, en jouant, son fr\u00e8re Mathieu lui creva accidentellement un \u0153il d\u2019un coup de fouet.&nbsp; L\u2019inflammation gagna l\u2019autre \u0153il. Nicolas devint aveugle.<\/p>\n\n\n\n<p>La ressource d\u2019un m\u00e9tier manuel lui \u00e9tant interdit, c\u2019est dans la musique, la composition et \u00e0 l\u2019orgue qu\u2019il excella.\u00a0\u00a0 Il donna des cours de solf\u00e8ge et remplit les fonctions d\u2019organiste \u00e0 l\u2019\u00e9glise Saint Jacques.<\/p>\n\n\n\n<p>Il s\u2019\u00e9tait li\u00e9 d\u2019amiti\u00e9 avec un autre aveugle, le p\u00e8re Warnon, cabaretier \u00e0 La Plante, endroit bien connu pour les rencontres de francs-farceurs. &nbsp;&nbsp;Le \u00ab&nbsp;Cabar\u00e8t des Mintes&nbsp;\u00bb allait y na\u00eetre en 1834 sous les cendres du \u00ab Cercle d\u00e8s Minte\u00fbs\u00bb\u00a0\u00bbdans lequel Bosret \u00e9tait d\u00e9j\u00e0 remarqu\u00e9 pour sa verve et sa capacit\u00e9 \u00e0 pousser la chansonnette.<\/p>\n\n\n\n<p>En 1843, Nicolas Bosret sera au nombre des fondateurs de la Soci\u00e9t\u00e9 Moncrabeau.<\/p>\n\n\n\n<p>Rapidement, il y imposera sa f\u00e9conde imagination au travers des textes et chants qu\u2019il proposera mais aussi et surtout pour son id\u00e9e de cr\u00e9er un orchestre mirlitonnesque dont il imagina les instruments aussi originaux que les noms qu\u2019ils portaient&nbsp;:&nbsp; Le mirliton \u00e0 soupape, la t\u00eate de cheval, la buse-traversi\u00e8re, le violon-seringue, &#8230;&nbsp; Des instruments dont il ne nous reste que les noms auxquels notre imagination peut toutefois donner vie au gr\u00e9 de notre imagination !<\/p>\n\n\n\n<p>En 1851, il \u00e9crit \u00ab&nbsp;Le bouquet de la mari\u00e9e&nbsp;\u00bb qui deviendra \u00ab&nbsp; Li Bia Bouquet&nbsp;\u00bb et dont il offre \u00e0 Jules Mandos, t\u00e9nor moncrabeaucien et \u00e0 l\u2019orchestre des 40 Molons, les na\u00eefs et charmants couplets.<\/p>\n\n\n\n<p>Cette chanson sera interpr\u00e9t\u00e9e en 1856, \u00e0 l\u2019occasion du 25<sup>\u00e8me<\/sup> anniversaire du r\u00e8gne de L\u00e9opold 1<sup>er<\/sup> et le Conseil Communal de l\u2019\u00e9poque l\u2019agr\u00e9era alors comme \u00ab&nbsp;hymne namurois&nbsp;\u00bb.<\/p>\n\n\n\n<p>Nicolas Bosret d\u00e9c\u00e8de en 1876, laissant une \u0153uvre musicale riche, enti\u00e8rement d\u00e9di\u00e9e \u00e0 sa ville de Namur et aux Molons chers \u00e0 son c\u0153ur.<\/p>\n\n\n\n<p>C\u2019est au 22 de la rue St-Nicolas qu\u2019il \u00e9crivit \u00ab\u00a0Li Bia Bouquet\u00a0\u00bb.\u00a0 C\u2019est au m\u00eame endroit que 168 ans plus tard, la Soci\u00e9t\u00e9 Royale Moncrabeau a emm\u00e9nag\u00e9 dans ses nouveaux locaux.<\/p>\n","protected":false},"excerpt":{"rendered":"<p>Nicolas-Joseph BOSRET est n\u00e9 \u00e0 Namur le 15 vent\u00f4se an VII. Pour faire plus simple, nous retiendrons le 05 mars 1799. A l\u2019\u00e2ge de sept ans, en jouant, son fr\u00e8re Mathieu lui creva accidentellement un \u0153il d\u2019un coup de fouet.&nbsp; L\u2019inflammation gagna l\u2019autre \u0153il. Nicolas devint aveugle. La ressource d\u2019un&#8230;<\/p>\n<p class=\"continue-reading-button\"> <a class=\"continue-reading-link\" href=\"http:\/\/www.royalemoncrabeau.be\/index.php\/nicolas-bosret\/\">Continue reading<i class=\"crycon-right-dir\"><\/i><\/a><\/p>\n","protected":false},"author":1,"featured_media":0,"parent":0,"menu_order":0,"comment_status":"closed","ping_status":"closed","template":"","meta":{"footnotes":""},"class_list":["post-277","page","type-page","status-publish","hentry"],"_links":{"self":[{"href":"http:\/\/www.royalemoncrabeau.be\/index.php\/wp-json\/wp\/v2\/pages\/277","targetHints":{"allow":["GET"]}}],"collection":[{"href":"http:\/\/www.royalemoncrabeau.be\/index.php\/wp-json\/wp\/v2\/pages"}],"about":[{"href":"http:\/\/www.royalemoncrabeau.be\/index.php\/wp-json\/wp\/v2\/types\/page"}],"author":[{"embeddable":true,"href":"http:\/\/www.royalemoncrabeau.be\/index.php\/wp-json\/wp\/v2\/users\/1"}],"replies":[{"embeddable":true,"href":"http:\/\/www.royalemoncrabeau.be\/index.php\/wp-json\/wp\/v2\/comments?post=277"}],"version-history":[{"count":4,"href":"http:\/\/www.royalemoncrabeau.be\/index.php\/wp-json\/wp\/v2\/pages\/277\/revisions"}],"predecessor-version":[{"id":480,"href":"http:\/\/www.royalemoncrabeau.be\/index.php\/wp-json\/wp\/v2\/pages\/277\/revisions\/480"}],"wp:attachment":[{"href":"http:\/\/www.royalemoncrabeau.be\/index.php\/wp-json\/wp\/v2\/media?parent=277"}],"curies":[{"name":"wp","href":"https:\/\/api.w.org\/{rel}","templated":true}]}}