{"id":218,"date":"2020-09-29T18:18:39","date_gmt":"2020-09-29T16:18:39","guid":{"rendered":"http:\/\/uaffugs.cluster028.hosting.ovh.net\/?page_id=218"},"modified":"2020-09-29T19:09:13","modified_gmt":"2020-09-29T17:09:13","slug":"concours-de-menteries","status":"publish","type":"page","link":"http:\/\/www.royalemoncrabeau.be\/index.php\/concours-de-menteries\/","title":{"rendered":"Concours de menteries"},"content":{"rendered":"\n<p>Le concours annuel de \u00ab\nmenteries \u00bb qui se tient en pr\u00e9lude aux f\u00eates de Wallonie et depuis 2010 le \u00ab\nChallenge Daniel L\u2019Hoir \u00bb (concours r\u00e9serv\u00e9 aux juniors de 8 \u00e0 14 ans) sont\ndeux rendez-vous incontournables o\u00f9 l\u2019art oratoire est mis \u00e0 l\u2019honneur \u00e0\ntravers la joute verbale. <\/p>\n\n\n\n<p>Les candidats, assis sur le\nsi\u00e8ge du menteur, pr\u00e9sentent leur menterie qui doit r\u00e9pondre \u00e0 quelques\ncrit\u00e8res : <\/p>\n\n\n\n<p>\u2022&nbsp;&nbsp;&nbsp;&nbsp;&nbsp;&nbsp;&nbsp;&nbsp; La menterie ne pourra porter atteinte \u00e0 quiconque ni contenir\nde message \u00e0 caract\u00e8re politique ou religieux. Les propos grivois, choquants ou\nx\u00e9nophobes seront exclus.<\/p>\n\n\n\n<p>\u2022&nbsp;&nbsp;&nbsp;&nbsp;&nbsp;&nbsp;&nbsp;&nbsp; Il ne peut en aucun cas s\u2019agir d\u2019une succession de blagues\nou jeux de mots. Les termes utilis\u00e9s seront compr\u00e9hensibles pour tous.<\/p>\n\n\n\n<p>\u2022&nbsp;&nbsp;&nbsp;&nbsp;&nbsp;&nbsp;&nbsp;&nbsp; La menterie peut \u00eatre pr\u00e9sent\u00e9e en fran\u00e7ais ou en wallon.<\/p>\n\n\n\n<p>\u2022&nbsp;&nbsp;&nbsp;&nbsp;&nbsp;&nbsp;&nbsp;&nbsp; La menterie sera connue de m\u00e9moire par le participant, qui\nne pourra recourir \u00e0 la lecture qu\u2019en cas de difficult\u00e9 passag\u00e8re.<\/p>\n\n\n\n<p>\u2022&nbsp;&nbsp;&nbsp;&nbsp;&nbsp;&nbsp;&nbsp;&nbsp; La candidate \/ le candidat peut se mettre en sc\u00e8ne dans sa\nmenterie, \u00eatre costum\u00e9 ou grim\u00e9, s\u2019aider d\u2019accessoires, mais elle \/ il devra la\nraconter, assis(e) sur le si\u00e8ge du menteur.<\/p>\n\n\n\n<p>\u2022&nbsp;&nbsp;&nbsp;&nbsp;&nbsp;&nbsp;&nbsp;&nbsp; L\u2019interaction avec le public pourra avoir lieu, sans que\ncela ne devienne un dialogue.<\/p>\n\n\n\n<p>Un jury est constitu\u00e9 pour\nl\u2019occasion, emmen\u00e9 par le Pr\u00e9sident en exercice de la Soci\u00e9t\u00e9. <\/p>\n\n\n\n<p>Chaque membre du jury poss\u00e8de\ndes f\u00e8ves de haricots qu\u2019il attribue en fonction de son \u00e9valuation personnelle,\n\u00e0 chaque candidat.&nbsp; <\/p>\n\n\n\n<p>Le jury \u00e9lit de la sorte une\nPrincesse-Pr\u00e9sidente ou un Prince-Pr\u00e9sident des menteurs.<\/p>\n\n\n\n<p>Nombreux sont les namurois qui\nassistent au concours. Ils peuvent \u00e9galement voter pour leur coup de c\u0153ur.<\/p>\n\n\n\n<div class=\"wp-block-image\"><figure class=\"aligncenter is-resized\"><img loading=\"lazy\" decoding=\"async\" src=\"http:\/\/uaffugs.cluster028.hosting.ovh.net\/wp-content\/uploads\/2020\/09\/Concours-menterie-Namur_1.jpg\" alt=\"\" class=\"wp-image-251\" width=\"625\" height=\"404\" srcset=\"http:\/\/www.royalemoncrabeau.be\/wp-content\/uploads\/2020\/09\/Concours-menterie-Namur_1.jpg 736w, http:\/\/www.royalemoncrabeau.be\/wp-content\/uploads\/2020\/09\/Concours-menterie-Namur_1-300x194.jpg 300w, http:\/\/www.royalemoncrabeau.be\/wp-content\/uploads\/2020\/09\/Concours-menterie-Namur_1-150x97.jpg 150w, http:\/\/www.royalemoncrabeau.be\/wp-content\/uploads\/2020\/09\/Concours-menterie-Namur_1-24x16.jpg 24w, http:\/\/www.royalemoncrabeau.be\/wp-content\/uploads\/2020\/09\/Concours-menterie-Namur_1-36x23.jpg 36w, http:\/\/www.royalemoncrabeau.be\/wp-content\/uploads\/2020\/09\/Concours-menterie-Namur_1-48x31.jpg 48w\" sizes=\"auto, (max-width: 625px) 100vw, 625px\" \/><\/figure><\/div>\n","protected":false},"excerpt":{"rendered":"<p>Le concours annuel de \u00ab menteries \u00bb qui se tient en pr\u00e9lude aux f\u00eates de Wallonie et depuis 2010 le \u00ab Challenge Daniel L\u2019Hoir \u00bb (concours r\u00e9serv\u00e9 aux juniors de 8 \u00e0 14 ans) sont deux rendez-vous incontournables o\u00f9 l\u2019art oratoire est mis \u00e0 l\u2019honneur \u00e0 travers la joute verbale&#8230;.<\/p>\n<p class=\"continue-reading-button\"> <a class=\"continue-reading-link\" href=\"http:\/\/www.royalemoncrabeau.be\/index.php\/concours-de-menteries\/\">Continue reading<i class=\"crycon-right-dir\"><\/i><\/a><\/p>\n","protected":false},"author":1,"featured_media":0,"parent":0,"menu_order":0,"comment_status":"closed","ping_status":"closed","template":"","meta":{"footnotes":""},"class_list":["post-218","page","type-page","status-publish","hentry"],"_links":{"self":[{"href":"http:\/\/www.royalemoncrabeau.be\/index.php\/wp-json\/wp\/v2\/pages\/218","targetHints":{"allow":["GET"]}}],"collection":[{"href":"http:\/\/www.royalemoncrabeau.be\/index.php\/wp-json\/wp\/v2\/pages"}],"about":[{"href":"http:\/\/www.royalemoncrabeau.be\/index.php\/wp-json\/wp\/v2\/types\/page"}],"author":[{"embeddable":true,"href":"http:\/\/www.royalemoncrabeau.be\/index.php\/wp-json\/wp\/v2\/users\/1"}],"replies":[{"embeddable":true,"href":"http:\/\/www.royalemoncrabeau.be\/index.php\/wp-json\/wp\/v2\/comments?post=218"}],"version-history":[{"count":3,"href":"http:\/\/www.royalemoncrabeau.be\/index.php\/wp-json\/wp\/v2\/pages\/218\/revisions"}],"predecessor-version":[{"id":253,"href":"http:\/\/www.royalemoncrabeau.be\/index.php\/wp-json\/wp\/v2\/pages\/218\/revisions\/253"}],"wp:attachment":[{"href":"http:\/\/www.royalemoncrabeau.be\/index.php\/wp-json\/wp\/v2\/media?parent=218"}],"curies":[{"name":"wp","href":"https:\/\/api.w.org\/{rel}","templated":true}]}}