{"id":203,"date":"2020-09-29T18:02:38","date_gmt":"2020-09-29T16:02:38","guid":{"rendered":"http:\/\/uaffugs.cluster028.hosting.ovh.net\/?page_id=203"},"modified":"2020-11-09T16:05:20","modified_gmt":"2020-11-09T15:05:20","slug":"menteries","status":"publish","type":"page","link":"http:\/\/www.royalemoncrabeau.be\/index.php\/menteries\/","title":{"rendered":"Menteries"},"content":{"rendered":"\n<h5 class=\"wp-block-heading\"><strong>Namur poss\u00e8de une longue\ntradition de la \u00ab menterie \u00bb.<\/strong><\/h5>\n\n\n\n<p>Successivement depuis 1783, le \u00ab\nCercle des Canaris \u00bb, le \u00ab Cercle d\u00e8s Minte\u00fbs \u00bb et \u00ab Li Cabinet d\u00e8s Mintes \u00bb ont\nregroup\u00e9s de bons vivants, h\u00e2bleurs et raconteurs de \u00ab craques \u00bb.&nbsp; <\/p>\n\n\n\n<p>Etant donn\u00e9e l\u2019absence de m\u00e9dias\n(journaux, t\u00e9l\u00e9vision, t\u00e9l\u00e9phone&#8230;) leurs r\u00e9unions \u00e9taient le bon moment pour se\ntransmettre les derni\u00e8res nouvelles, mais souvent d\u00e9form\u00e9es de mani\u00e8re\nhumoristique. <\/p>\n\n\n\n<p>A la mani\u00e8re de Tartarin de Tarascon,\nl\u2019envie d\u2019enjoliver ses propres exploits ou celle d\u2019ironiser gentiment sur les\nd\u00e9convenues de l\u2019autre \u00e9taient bien pr\u00e9sentes dans ces rendez-vous populaires. <\/p>\n\n\n\n<p>Raconter une bonne craque, c\u2019est\ntravestir la v\u00e9rit\u00e9, sans porter atteinte \u00e0 quiconque. Ce qui en wallon\npourrait se dire&nbsp;: <\/p>\n\n\n\n<p>\u00ab <em>L\u00e8s mintes, c\u2019\u00e8st d\u00e8s\ncraques sins v\u00e8nin. \u00c8les ni fa\u00eey\u2019nut pon d\u2019tw\u00e2r aus djins.<\/em> \u00bb<\/p>\n\n\n\n<h5 class=\"wp-block-heading\"><strong>Puis arriva \u00ab&nbsp;Moncrabeau&nbsp;\u00bb.<\/strong><\/h5>\n\n\n\n<p>A Moncrabeau, en Gascogne,\ndepuis 1748 selon les termes des lettres patentes distribu\u00e9es aux audacieux qui\nvenaient s\u2019asseoir sur le fauteuil du menteur, l\u2019Acad\u00e9mie des Menteurs r\u00e9unit \u00ab\n<em>tous les h\u00e2bleurs, menteurs, nouvellistes et autres personnes qui s\u2019exercent\ndans le bel art de mentir finement, sans porter pr\u00e9judice \u00e0 autre qu\u2019\u00e0 la\nV\u00e9rit\u00e9 dont ils font profession d\u2019\u00eatre ennemis jur\u00e9s<\/em> \u00bb.<\/p>\n\n\n\n<p>Un de ces dipl\u00f4mes est-il arriv\u00e9 \u00e0 Namur, un voyageur est-il pass\u00e9 par ces contr\u00e9es et ensuite par les n\u00f4tres ?\u00a0Nul ne sait r\u00e9pondre avec certitude. Toutefois, en 1843 lors de la cr\u00e9ation de la Soci\u00e9t\u00e9, le nom de Moncrabeau qui fut choisi par ses fondateurs.<\/p>\n\n\n\n<div class=\"wp-block-image\"><figure class=\"alignleft is-resized\"><img loading=\"lazy\" decoding=\"async\" src=\"http:\/\/uaffugs.cluster028.hosting.ovh.net\/wp-content\/uploads\/2020\/09\/Sie\u0300ge-menteur-Namur.jpg\" alt=\"\" class=\"wp-image-254\" width=\"237\" height=\"356\" srcset=\"http:\/\/www.royalemoncrabeau.be\/wp-content\/uploads\/2020\/09\/Sie\u0300ge-menteur-Namur.jpg 640w, http:\/\/www.royalemoncrabeau.be\/wp-content\/uploads\/2020\/09\/Sie\u0300ge-menteur-Namur-200x300.jpg 200w, http:\/\/www.royalemoncrabeau.be\/wp-content\/uploads\/2020\/09\/Sie\u0300ge-menteur-Namur-100x150.jpg 100w, http:\/\/www.royalemoncrabeau.be\/wp-content\/uploads\/2020\/09\/Sie\u0300ge-menteur-Namur-16x24.jpg 16w, http:\/\/www.royalemoncrabeau.be\/wp-content\/uploads\/2020\/09\/Sie\u0300ge-menteur-Namur-24x36.jpg 24w, http:\/\/www.royalemoncrabeau.be\/wp-content\/uploads\/2020\/09\/Sie\u0300ge-menteur-Namur-32x48.jpg 32w\" sizes=\"auto, (max-width: 237px) 100vw, 237px\" \/><\/figure><\/div>\n\n\n\n<p>A Namur, ils deviendront les \u00ab\u00a0moncrabeauciens\u00a0\u00bb. <\/p>\n\n\n\n<h5 class=\"wp-block-heading\"><strong>Mais c\u2019est quoi une \u00ab&nbsp;menterie&nbsp;\u00bb <\/strong><\/h5>\n\n\n\n<p>Une menterie est une histoire \u00ab \u00e9tonnante \u00bb, qui aura \u00e9t\u00e9 invent\u00e9e, en\ntout ou en partie et qui sera racont\u00e9e sous forme d\u2019un r\u00e9cit authentique, si\npossible humoristique. Le contenu doit \u00eatre cr\u00e9dible et coh\u00e9rent et peut faire\nr\u00e9f\u00e9rence \u00e0 un fait d\u2019actualit\u00e9.<\/p>\n\n\n\n<h5 class=\"wp-block-heading\"><strong>La menterie, devoir de Molon.<\/strong><\/h5>\n\n\n\n<p>Les fondateurs de la Soci\u00e9t\u00e9 impos\u00e8rent alors aux candidats Molons de\nd\u00e9clamer une \u00ab&nbsp;minte&nbsp;\u00bb en guise d\u2019examen d\u2019entr\u00e9e.&nbsp; Cette tradition se perp\u00e9tue de nos jours et a\ndonn\u00e9 naissance \u00e0 un concours ouvert au public.<\/p>\n\n\n\n<p>Le dipl\u00f4me de Molon l\u2019autorise \u00e0 \u00ab&nbsp;mentir&nbsp;\u00bb \u00e0 tous et en tous lieux, sauf \u00e0 sa femme et sa belle-m\u00e8re&nbsp;! <\/p>\n\n\n\n<p><\/p>\n\n\n\n<h5 class=\"wp-block-heading\"><strong>Le dipl\u00f4me de \u00ab&nbsp;Molon&nbsp;\u00bb.<\/strong><\/h5>\n\n\n\n<div class=\"wp-block-image\"><figure class=\"aligncenter size-large\"><img loading=\"lazy\" decoding=\"async\" width=\"639\" height=\"1024\" src=\"http:\/\/uaffugs.cluster028.hosting.ovh.net\/wp-content\/uploads\/2020\/10\/diplome-639x1024.jpg\" alt=\"\" class=\"wp-image-270\" srcset=\"http:\/\/www.royalemoncrabeau.be\/wp-content\/uploads\/2020\/10\/diplome-639x1024.jpg 639w, http:\/\/www.royalemoncrabeau.be\/wp-content\/uploads\/2020\/10\/diplome-187x300.jpg 187w, http:\/\/www.royalemoncrabeau.be\/wp-content\/uploads\/2020\/10\/diplome-768x1230.jpg 768w, http:\/\/www.royalemoncrabeau.be\/wp-content\/uploads\/2020\/10\/diplome-959x1536.jpg 959w, http:\/\/www.royalemoncrabeau.be\/wp-content\/uploads\/2020\/10\/diplome-1279x2048.jpg 1279w, http:\/\/www.royalemoncrabeau.be\/wp-content\/uploads\/2020\/10\/diplome-94x150.jpg 94w, http:\/\/www.royalemoncrabeau.be\/wp-content\/uploads\/2020\/10\/diplome-15x24.jpg 15w, http:\/\/www.royalemoncrabeau.be\/wp-content\/uploads\/2020\/10\/diplome-22x36.jpg 22w, http:\/\/www.royalemoncrabeau.be\/wp-content\/uploads\/2020\/10\/diplome-30x48.jpg 30w, http:\/\/www.royalemoncrabeau.be\/wp-content\/uploads\/2020\/10\/diplome-scaled.jpg 1598w\" sizes=\"auto, (max-width: 639px) 100vw, 639px\" \/><\/figure><\/div>\n","protected":false},"excerpt":{"rendered":"<p>Namur poss\u00e8de une longue tradition de la \u00ab menterie \u00bb. Successivement depuis 1783, le \u00ab Cercle des Canaris \u00bb, le \u00ab Cercle d\u00e8s Minte\u00fbs \u00bb et \u00ab Li Cabinet d\u00e8s Mintes \u00bb ont regroup\u00e9s de bons vivants, h\u00e2bleurs et raconteurs de \u00ab craques \u00bb.&nbsp; Etant donn\u00e9e l\u2019absence de m\u00e9dias (journaux,&#8230;<\/p>\n<p class=\"continue-reading-button\"> <a class=\"continue-reading-link\" href=\"http:\/\/www.royalemoncrabeau.be\/index.php\/menteries\/\">Continue reading<i class=\"crycon-right-dir\"><\/i><\/a><\/p>\n","protected":false},"author":1,"featured_media":0,"parent":0,"menu_order":0,"comment_status":"closed","ping_status":"closed","template":"","meta":{"footnotes":""},"class_list":["post-203","page","type-page","status-publish","hentry"],"_links":{"self":[{"href":"http:\/\/www.royalemoncrabeau.be\/index.php\/wp-json\/wp\/v2\/pages\/203","targetHints":{"allow":["GET"]}}],"collection":[{"href":"http:\/\/www.royalemoncrabeau.be\/index.php\/wp-json\/wp\/v2\/pages"}],"about":[{"href":"http:\/\/www.royalemoncrabeau.be\/index.php\/wp-json\/wp\/v2\/types\/page"}],"author":[{"embeddable":true,"href":"http:\/\/www.royalemoncrabeau.be\/index.php\/wp-json\/wp\/v2\/users\/1"}],"replies":[{"embeddable":true,"href":"http:\/\/www.royalemoncrabeau.be\/index.php\/wp-json\/wp\/v2\/comments?post=203"}],"version-history":[{"count":15,"href":"http:\/\/www.royalemoncrabeau.be\/index.php\/wp-json\/wp\/v2\/pages\/203\/revisions"}],"predecessor-version":[{"id":485,"href":"http:\/\/www.royalemoncrabeau.be\/index.php\/wp-json\/wp\/v2\/pages\/203\/revisions\/485"}],"wp:attachment":[{"href":"http:\/\/www.royalemoncrabeau.be\/index.php\/wp-json\/wp\/v2\/media?parent=203"}],"curies":[{"name":"wp","href":"https:\/\/api.w.org\/{rel}","templated":true}]}}